{"id":294,"date":"2025-06-02T16:33:48","date_gmt":"2025-06-02T14:33:48","guid":{"rendered":"https:\/\/yatzyrules.com\/sv\/?page_id=294"},"modified":"2025-06-02T16:35:48","modified_gmt":"2025-06-02T14:35:48","slug":"kontakt","status":"publish","type":"page","link":"https:\/\/yatzyrules.com\/sv\/kontakt\/","title":{"rendered":"Kontakt oss p\u00e5 Yatzyrules.com"},"content":{"rendered":"\n<style>\n  .kontakt-container {\n    max-width: 600px;\n    margin: 40px auto;\n    padding: 20px;\n    background-color: #f9f9f9;\n    border-radius: 8px;\n    font-family: Arial, sans-serif;\n    box-shadow: 0 0 10px rgba(0,0,0,0.1);\n  }\n\n  .kontakt-container h2 {\n    text-align: center;\n    margin-bottom: 10px;\n  }\n\n  .kontakt-container p {\n    text-align: center;\n    margin-bottom: 20px;\n  }\n\n  .kontakt-form label {\n    display: block;\n    margin-top: 15px;\n    font-weight: bold;\n  }\n\n  .kontakt-form input,\n  .kontakt-form textarea {\n    width: 100%;\n    padding: 10px;\n    margin-top: 5px;\n    border: 1px solid #ccc;\n    border-radius: 4px;\n    box-sizing: border-box;\n    font-size: 16px;\n  }\n\n  .kontakt-form button {\n    margin-top: 20px;\n    padding: 12px 20px;\n    background-color: #0073aa;\n    color: white;\n    border: none;\n    border-radius: 4px;\n    cursor: pointer;\n    font-size: 16px;\n  }\n\n  .kontakt-form button:hover {\n    background-color: #005c8a;\n  }\n<\/style>\n\n<div class=\"kontakt-container\">\n  <h2>Kontakta oss<\/h2>\n  <p>Fyll i formul\u00e4ret nedan s\u00e5 \u00e5terkommer vi s\u00e5 snart som m\u00f6jligt.<\/p>\n\n  <form class=\"kontakt-form\" method=\"post\" action=\"#\">\n    <label for=\"namn\">Namn<\/label>\n    <input type=\"text\" id=\"namn\" name=\"namn\" required>\n\n    <label for=\"email\">E-post<\/label>\n    <input type=\"email\" id=\"email\" name=\"email\" required>\n\n    <label for=\"meddelande\">Meddelande<\/label>\n    <textarea id=\"meddelande\" name=\"meddelande\" rows=\"5\" required><\/textarea>\n\n    <button type=\"submit\">Skicka<\/button>\n  <\/form>\n<\/div>\n\n","protected":false},"excerpt":{"rendered":"<p>Kontakta oss Fyll i formul\u00e4ret nedan s\u00e5 \u00e5terkommer vi s\u00e5 snart som m\u00f6jligt. Namn E-post Meddelande Skicka<\/p>\n","protected":false},"author":1,"featured_media":0,"parent":0,"menu_order":0,"comment_status":"closed","ping_status":"closed","template":"","meta":{"footnotes":""},"class_list":["post-294","page","type-page","status-publish"],"_links":{"self":[{"href":"https:\/\/yatzyrules.com\/sv\/wp-json\/wp\/v2\/pages\/294","targetHints":{"allow":["GET"]}}],"collection":[{"href":"https:\/\/yatzyrules.com\/sv\/wp-json\/wp\/v2\/pages"}],"about":[{"href":"https:\/\/yatzyrules.com\/sv\/wp-json\/wp\/v2\/types\/page"}],"author":[{"embeddable":true,"href":"https:\/\/yatzyrules.com\/sv\/wp-json\/wp\/v2\/users\/1"}],"replies":[{"embeddable":true,"href":"https:\/\/yatzyrules.com\/sv\/wp-json\/wp\/v2\/comments?post=294"}],"version-history":[{"count":3,"href":"https:\/\/yatzyrules.com\/sv\/wp-json\/wp\/v2\/pages\/294\/revisions"}],"predecessor-version":[{"id":299,"href":"https:\/\/yatzyrules.com\/sv\/wp-json\/wp\/v2\/pages\/294\/revisions\/299"}],"wp:attachment":[{"href":"https:\/\/yatzyrules.com\/sv\/wp-json\/wp\/v2\/media?parent=294"}],"curies":[{"name":"wp","href":"https:\/\/api.w.org\/{rel}","templated":true}]}}