{"id":301,"date":"2025-06-02T16:39:38","date_gmt":"2025-06-02T14:39:38","guid":{"rendered":"https:\/\/yatzyrules.com\/sv\/?page_id=301"},"modified":"2025-06-02T16:42:35","modified_gmt":"2025-06-02T14:42:35","slug":"om-oss","status":"publish","type":"page","link":"https:\/\/yatzyrules.com\/sv\/om-oss\/","title":{"rendered":"Om oss p\u00e5 Yatzyrules.com"},"content":{"rendered":"\n<p>V\u00e4lkommen till <strong><a href=\"https:\/\/yatzyrules.com\/sv\/\" data-type=\"page\" data-id=\"9\">Yatzyrules.com<\/a><\/strong> \u2013 platsen d\u00e4r t\u00e4rningarna aldrig slutar rulla och d\u00e4r regler inte bara f\u00f6rklaras, utan faktiskt <em>f\u00f6rst\u00e5s<\/em>.<\/p>\n\n\n\n<p>Vi startade Yatzyrules.com med en enkel id\u00e9: att g\u00f6ra det enklare (och roligare!) f\u00f6r alla att komma ig\u00e5ng med Yatzy \u2013 oavsett om du spelar med farmor vid k\u00f6ksbordet, mot kompisar i mobilen, eller f\u00f6rs\u00f6ker sl\u00e5 ditt eget rekord. Vi vet hur frustrerande det kan vara att sitta d\u00e4r med fem t\u00e4rningar och bara <em>gissa<\/em> vad &#8221;liten stege&#8221; egentligen inneb\u00e4r.<\/p>\n\n\n\n<p>S\u00e5 vi best\u00e4mde oss f\u00f6r att g\u00f6ra n\u00e5got \u00e5t det.<\/p>\n\n\n<div class=\"wp-block-image\">\n<figure class=\"aligncenter size-full is-resized\"><img loading=\"lazy\" decoding=\"async\" width=\"755\" height=\"755\" src=\"https:\/\/yatzyrules.com\/sv\/wp-content\/uploads\/sites\/3\/2025\/06\/hoppande-tarning.webp\" alt=\"\" class=\"wp-image-277\" style=\"width:250px\" srcset=\"https:\/\/yatzyrules.com\/sv\/wp-content\/uploads\/sites\/3\/2025\/06\/hoppande-tarning.webp 755w, https:\/\/yatzyrules.com\/sv\/wp-content\/uploads\/sites\/3\/2025\/06\/hoppande-tarning-300x300.webp 300w, https:\/\/yatzyrules.com\/sv\/wp-content\/uploads\/sites\/3\/2025\/06\/hoppande-tarning-150x150.webp 150w\" sizes=\"auto, (max-width: 755px) 100vw, 755px\" \/><\/figure><\/div>\n\n\n<p>H\u00e4r hittar du tydliga regler, smarta strategier, sp\u00e4nnande varianter (ja, vi snackar b\u00e5de Maxi Yatzy och knasiga hemmaregler), och massor av tips som g\u00f6r att du spelar b\u00e5de b\u00e4ttre och med mer gl\u00e4dje. Allt presenterat p\u00e5 ett s\u00e4tt som faktiskt g\u00e5r att f\u00f6rst\u00e5 \u2013 utan att du beh\u00f6ver l\u00e4sa som om det vore ett juridiskt dokument.<\/p>\n\n\n\n<p>Vi som st\u00e5r bakom sidan \u00e4r helt enkelt passionerade n\u00f6rdar som \u00e4lskar struktur, spel och att g\u00f6ra det komplicerade enkelt. Vi vill skapa en plats d\u00e4r b\u00e5de nya och erfarna spelare k\u00e4nner sig hemma \u2013 och d\u00e4r ingen ska beh\u00f6va br\u00e5ka om vad som g\u00e4ller i sista rundan.<\/p>\n\n\n\n<p>S\u00e5 sl\u00e5 dig ner, kasta t\u00e4rningarna, och l\u00e5t oss guida dig till ett Yatzy utan tvekan.<\/p>\n\n\n\n<p>Vi har reglerna. Du har t\u00e4rningarna.<br><strong>Game on.<\/strong><\/p>\n","protected":false},"excerpt":{"rendered":"<p>V\u00e4lkommen till Yatzyrules.com \u2013 platsen d\u00e4r t\u00e4rningarna aldrig slutar rulla och d\u00e4r regler inte bara f\u00f6rklaras, utan faktiskt f\u00f6rst\u00e5s. Vi startade Yatzyrules.com med en enkel id\u00e9: att g\u00f6ra det enklare (och roligare!) f\u00f6r alla att komma ig\u00e5ng med Yatzy \u2013 oavsett om du spelar med farmor vid k\u00f6ksbordet, mot kompisar i mobilen, eller f\u00f6rs\u00f6ker sl\u00e5 &#8230; <a title=\"Om oss p\u00e5 Yatzyrules.com\" class=\"read-more\" href=\"https:\/\/yatzyrules.com\/sv\/om-oss\/\" aria-label=\"L\u00e4s mer om Om oss p\u00e5 Yatzyrules.com\">L\u00e4s mer<\/a><\/p>\n","protected":false},"author":1,"featured_media":0,"parent":0,"menu_order":0,"comment_status":"closed","ping_status":"closed","template":"","meta":{"footnotes":""},"class_list":["post-301","page","type-page","status-publish"],"_links":{"self":[{"href":"https:\/\/yatzyrules.com\/sv\/wp-json\/wp\/v2\/pages\/301","targetHints":{"allow":["GET"]}}],"collection":[{"href":"https:\/\/yatzyrules.com\/sv\/wp-json\/wp\/v2\/pages"}],"about":[{"href":"https:\/\/yatzyrules.com\/sv\/wp-json\/wp\/v2\/types\/page"}],"author":[{"embeddable":true,"href":"https:\/\/yatzyrules.com\/sv\/wp-json\/wp\/v2\/users\/1"}],"replies":[{"embeddable":true,"href":"https:\/\/yatzyrules.com\/sv\/wp-json\/wp\/v2\/comments?post=301"}],"version-history":[{"count":6,"href":"https:\/\/yatzyrules.com\/sv\/wp-json\/wp\/v2\/pages\/301\/revisions"}],"predecessor-version":[{"id":309,"href":"https:\/\/yatzyrules.com\/sv\/wp-json\/wp\/v2\/pages\/301\/revisions\/309"}],"wp:attachment":[{"href":"https:\/\/yatzyrules.com\/sv\/wp-json\/wp\/v2\/media?parent=301"}],"curies":[{"name":"wp","href":"https:\/\/api.w.org\/{rel}","templated":true}]}}